{"id":97,"date":"2025-02-17T15:38:36","date_gmt":"2025-02-17T15:38:36","guid":{"rendered":"https:\/\/polreg2025.kfiss.wgsr.uw.edu.pl\/?page_id=97"},"modified":"2025-02-28T11:14:32","modified_gmt":"2025-02-28T11:14:32","slug":"proponowane-noclegi","status":"publish","type":"page","link":"https:\/\/polreg2025.kfiss.wgsr.uw.edu.pl\/?page_id=97","title":{"rendered":"Proponowane noclegi"},"content":{"rendered":"\n<p class=\"has-x-large-font-size\"><strong>Proponowane noclegi<\/strong><\/p>\n\n\n\n<p><\/p>\n\n\n\n<p class=\"has-large-font-size\">Dla uczestnik\u00f3w konferencji przygotowane zosta\u0142y oferty w nast\u0119puj\u0105cych hotelach (zasady rezerwacji zostan\u0105 przes\u0142ane do os\u00f3b, kt\u00f3rych zg\u0142oszenia na konferencje zostan\u0105 zaakceptowane):<\/p>\n\n\n\n<ul class=\"wp-block-list\">\n<li class=\"has-large-font-size\"><strong>Motel One Warsaw-Chopin <\/strong><em>ul. <\/em><em>Tamka 38, 00-355 Warszawa<\/em><\/li>\n<\/ul>\n\n\n\n<p class=\"has-medium-font-size\">Cena: 388PLN za dob\u0119 ze \u015bniadaniem za pok\u00f3j jednoosobowy. Pok\u00f3j dwuosobowy to jedynie dop\u0142ata za \u015bniadanie dla drugiej osoby + 58PLN.<\/p>\n\n\n\n<p class=\"has-medium-font-size\">W ka\u017cdym pokoju znajduje si\u0119 jedno \u0142\u00f3\u017cko \u2013 nie wyst\u0119puj\u0105 oddzielne \u0142\u00f3\u017cka w pokojach.<\/p>\n\n\n\n<p class=\"has-medium-font-size\"><em>Rezerwacje mo\u017cliwe do 10.09.2025.<\/em><\/p>\n\n\n\n<p class=\"has-medium-font-size\">   &nbsp;\u2501\u2501\u2501\u2501\u2501\u2501\u2501\u2501\u2501\u2501\u2501\u2501\u2501\u2501\u2501\u2501\u2501\u2501\u2501\u2501\u2501\u2501\u2501\u2501\u2501\u2501\u2501\u2501\u2501\u2501\u2501\u2501\u2501\u2501\u2501\u2501<\/p>\n\n\n\n<ul class=\"wp-block-list\">\n<li><strong>Hotel Gromada Centrum<\/strong><em><strong> <\/strong>plac Powsta\u0144c\u00f3w Warszawy 2, 00-030 Warszawa<\/em><\/li>\n<\/ul>\n\n\n\n<p class=\"has-medium-font-size\">Cena:<\/p>\n\n\n\n<p class=\"has-medium-font-size\">w cz\u0119\u015bci Standard<\/p>\n\n\n\n<ul class=\"wp-block-list\">\n<li class=\"has-medium-font-size\">pok\u00f3j 1 osobowy 385,00 z\u0142 brutto\/doba ze \u015bniadaniem za pok\u00f3j.<\/li>\n\n\n\n<li class=\"has-medium-font-size\">pok\u00f3j 2 osobowy 435,00 z\u0142 brutto\/doba ze \u015bniadaniem za pok\u00f3j&nbsp;<\/li>\n<\/ul>\n\n\n\n<p class=\"has-medium-font-size\">w cz\u0119\u015bci Business<\/p>\n\n\n\n<ul class=\"wp-block-list\">\n<li class=\"has-medium-font-size\">pok\u00f3j 1 osobowy 435,00 z\u0142 brutto\/doba ze \u015bniadaniem za pok\u00f3j.<\/li>\n\n\n\n<li class=\"has-medium-font-size\">pok\u00f3j 2 osobowy 485,00 z\u0142 brutto\/doba ze \u015bniadaniem za pok\u00f3j&nbsp;<\/li>\n<\/ul>\n\n\n\n<p class=\"has-medium-font-size\"><em>Rezerwacje mo\u017cliwe do 21.10.2025.<\/em><\/p>\n\n\n\n<p>  &nbsp;\u2501\u2501\u2501\u2501\u2501\u2501\u2501\u2501\u2501\u2501\u2501\u2501\u2501\u2501\u2501\u2501\u2501\u2501\u2501\u2501\u2501\u2501\u2501\u2501\u2501\u2501\u2501\u2501\u2501\u2501\u2501\u2501\u2501\u2501\u2501\u2501<\/p>\n\n\n\n<ul class=\"wp-block-list\">\n<li><strong>Ibis Budget Warszawa Centrum*<em> <\/em><\/strong><em>ul. Zag\u00f3rna 1, 00-441 Warszawa<\/em><\/li>\n<\/ul>\n\n\n\n<p class=\"has-medium-font-size\">Cena:<\/p>\n\n\n\n<ul class=\"wp-block-list\">\n<li class=\"has-medium-font-size\">300 z\u0142\/doba \u2013 pok\u00f3j 1-osobowy ze \u015bniadaniem;<\/li>\n\n\n\n<li class=\"has-medium-font-size\">340 z\u0142\/doba \u2013 pok\u00f3j 2-osobowy ze \u015bniadaniem;<\/li>\n<\/ul>\n\n\n\n<p class=\"has-medium-font-size\">Parking dla go\u015bci korzystaj\u0105cych z noclegu 80pln\/doba \u2013 hotel nie gwarantuje dost\u0119pno\u015bci miejsca. Parking dla autokaru \u2013 250z\u0142\/doba \u2013 hotel nie gwarantuje dost\u0119pno\u015bci miejsca.<\/p>\n\n\n\n<p class=\"has-medium-font-size\">Klimatyzowane i komfortowe pokoje wyposa\u017cone w \u0142azienk\u0119 z prysznicem, TV sat (w tym Canal+), radio, bezp\u0142atne WiFi.<\/p>\n\n\n\n<p class=\"has-medium-font-size\"><em>Rezerwacje mo\u017cliwe do 07.09.2025.<\/em><\/p>\n\n\n\n<p class=\"has-medium-font-size\"><\/p>\n\n\n\n<p><\/p>\n","protected":false},"excerpt":{"rendered":"<p>Proponowane noclegi Dla uczestnik\u00f3w konferencji przygotowane zosta\u0142y oferty w nast\u0119puj\u0105cych hotelach (zasady rezerwacji zostan\u0105 przes\u0142ane do os\u00f3b, kt\u00f3rych zg\u0142oszenia na konferencje zostan\u0105 zaakceptowane): Cena: 388PLN za dob\u0119 ze \u015bniadaniem za pok\u00f3j jednoosobowy. Pok\u00f3j dwuosobowy to jedynie dop\u0142ata za \u015bniadanie dla drugiej osoby + 58PLN. W ka\u017cdym pokoju znajduje si\u0119 jedno \u0142\u00f3\u017cko \u2013 nie wyst\u0119puj\u0105 oddzielne [&hellip;]<\/p>\n","protected":false},"author":4,"featured_media":0,"parent":0,"menu_order":0,"comment_status":"closed","ping_status":"closed","template":"","meta":{"footnotes":""},"class_list":["post-97","page","type-page","status-publish","hentry"],"_links":{"self":[{"href":"https:\/\/polreg2025.kfiss.wgsr.uw.edu.pl\/index.php?rest_route=\/wp\/v2\/pages\/97","targetHints":{"allow":["GET"]}}],"collection":[{"href":"https:\/\/polreg2025.kfiss.wgsr.uw.edu.pl\/index.php?rest_route=\/wp\/v2\/pages"}],"about":[{"href":"https:\/\/polreg2025.kfiss.wgsr.uw.edu.pl\/index.php?rest_route=\/wp\/v2\/types\/page"}],"author":[{"embeddable":true,"href":"https:\/\/polreg2025.kfiss.wgsr.uw.edu.pl\/index.php?rest_route=\/wp\/v2\/users\/4"}],"replies":[{"embeddable":true,"href":"https:\/\/polreg2025.kfiss.wgsr.uw.edu.pl\/index.php?rest_route=%2Fwp%2Fv2%2Fcomments&post=97"}],"version-history":[{"count":7,"href":"https:\/\/polreg2025.kfiss.wgsr.uw.edu.pl\/index.php?rest_route=\/wp\/v2\/pages\/97\/revisions"}],"predecessor-version":[{"id":251,"href":"https:\/\/polreg2025.kfiss.wgsr.uw.edu.pl\/index.php?rest_route=\/wp\/v2\/pages\/97\/revisions\/251"}],"wp:attachment":[{"href":"https:\/\/polreg2025.kfiss.wgsr.uw.edu.pl\/index.php?rest_route=%2Fwp%2Fv2%2Fmedia&parent=97"}],"curies":[{"name":"wp","href":"https:\/\/api.w.org\/{rel}","templated":true}]}}