{"id":78,"date":"2025-02-17T14:38:05","date_gmt":"2025-02-17T14:38:05","guid":{"rendered":"https:\/\/polreg2025.kfiss.wgsr.uw.edu.pl\/?page_id=78"},"modified":"2025-10-19T20:48:56","modified_gmt":"2025-10-19T20:48:56","slug":"terminy-i-rejestracja","status":"publish","type":"page","link":"https:\/\/polreg2025.kfiss.wgsr.uw.edu.pl\/?page_id=78","title":{"rendered":"Terminy i rejestracja"},"content":{"rendered":"\n<p>Zach\u0119camy do zapoznania si\u0119 z Komunikatem III, kt\u00f3ry zawiera kluczowe informacje w zakresie zbli\u017caj\u0105cej si\u0119 konferencji POLREG 2025:<\/p>\n\n\n\n<div data-wp-interactive=\"core\/file\" class=\"wp-block-file\"><object data-wp-bind--hidden=\"!state.hasPdfPreview\" hidden class=\"wp-block-file__embed\" data=\"https:\/\/polreg2025.kfiss.wgsr.uw.edu.pl\/wp-content\/uploads\/2025\/10\/Komunikat-3-POLREG-2025.pdf\" type=\"application\/pdf\" style=\"width:100%;height:600px\" aria-label=\"Osadzone z Komunikat 3 POLREG 2025.\"><\/object><a id=\"wp-block-file--media-9e748435-6d78-4043-b649-a09c7e7f7109\" href=\"https:\/\/polreg2025.kfiss.wgsr.uw.edu.pl\/wp-content\/uploads\/2025\/10\/Komunikat-3-POLREG-2025.pdf\">Komunikat 3 POLREG 2025<\/a><a href=\"https:\/\/polreg2025.kfiss.wgsr.uw.edu.pl\/wp-content\/uploads\/2025\/10\/Komunikat-3-POLREG-2025.pdf\" class=\"wp-block-file__button wp-element-button\" download aria-describedby=\"wp-block-file--media-9e748435-6d78-4043-b649-a09c7e7f7109\">Pobierz<\/a><\/div>\n\n\n\n<p><\/p>\n\n\n\n<p class=\"has-large-font-size\">Formularz dotycz\u0105cy wp\u0142at za konferencj\u0119 &#8211; tylko dla os\u00f3b ju\u017c zarejestrowanych: <a href=\"https:\/\/forms.gle\/BEM2RZBkFs2P2FoAA\">Formularz wp\u0142aty POLREG 2025<\/a><br><br>_____________________________________________________________________<\/p>\n\n\n\n<p><strong>Standardowa op\u0142ata konferencyjna:<\/strong><\/p>\n\n\n\n<p class=\"has-medium-font-size\">udzia\u0142 w dniach 19-21.10.2025 (w tym dwie kolacje): 1100 z\u0142<\/p>\n\n\n\n<p class=\"has-medium-font-size\">udzia\u0142 tylko w dniu 20.10.2025 (w tym kolacja): 800 z\u0142<\/p>\n\n\n\n<p class=\"has-medium-font-size\">udzia\u0142 tylko w dniu 21.10.2025: 650 z\u0142<\/p>\n\n\n\n<p><\/p>\n\n\n\n<p><strong>Oferta dla doktorant\u00f3w:<\/strong><\/p>\n\n\n\n<p class=\"has-medium-font-size\">udzia\u0142 w dniach 19-21.10.2025 (w tym dwie kolacje): 800 z\u0142<\/p>\n\n\n\n<p class=\"has-medium-font-size\">udzia\u0142 tylko w dniu 20.10.2025 (w tym kolacja): 500 z\u0142<\/p>\n\n\n\n<p class=\"has-medium-font-size\">udzia\u0142 tylko w dniu 21.10.2025: 350 z\u0142<\/p>\n\n\n\n<p>________________________________________________________________________<\/p>\n\n\n\n<p><strong>Terminy:<\/strong> op\u0142ata do 11.07.2025<\/p>\n\n\n\n<p class=\"has-medium-font-size\"><strong>Numer konta<\/strong>: 27 1160 2202 0000 0000 6084 9388<\/p>\n\n\n\n<p class=\"has-medium-font-size\"><strong>Tytu\u0142 przelewu<\/strong>: POLREG Imi\u0119 i Nazwisko<\/p>\n\n\n\n<p>_________________________________________________________________________<\/p>\n\n\n\n<p class=\"has-medium-font-size\"><strong>Przetwarzanie danych osobowych<\/strong><\/p>\n\n\n\n<ol start=\"1\" class=\"wp-block-list\">\n<li class=\"has-small-font-size\">Administratorem danych osobowych Uczestnik\u00f3w przetwarzanych w ramach Konferencji jest Uniwersytet Warszawski, ul. Krakowskie Przedmie\u015bcie 26\/28, 00-927 Warszawa,<br>reprezentowany przez Rektora UW.<\/li>\n\n\n\n<li class=\"has-small-font-size\">Uniwersytet Warszawski wyznaczy\u0142 Inspektora Ochrony Danych, z kt\u00f3rym mo\u017cna si\u0119 kontaktowa\u0107 mailowo pod adresem: iod@adm.uw.edu.pl.<\/li>\n\n\n\n<li class=\"has-small-font-size\">Dane osobowe Uczestnik\u00f3w b\u0119d\u0105 przetwarzane w celu rejestracji i udzia\u0142u w Konferencji.<\/li>\n\n\n\n<li class=\"has-small-font-size\">Podanie przez Uczestnik\u00f3w danych osobowych jest dobrowolne, ale w odniesieniu do danych, o kt\u00f3rych mowa w ust. 3 \u2013 konieczne do uczestnictwa w Konferencji.<\/li>\n\n\n\n<li class=\"has-small-font-size\">Rejestracja na Konferencj\u0119 odbywa si\u0119 z wykorzystaniem formularzy i dysk\u00f3w udost\u0119pnionych przez firm\u0119 Google. Dane Uczestnik\u00f3w b\u0119d\u0105 przetwarzane przez dostawc\u0119 us\u0142ugi G-Suit dla edukacji firm\u0119 Google w jej centrach przetwarzania danych.<\/li>\n\n\n\n<li class=\"has-small-font-size\">Dane osobowe Uczestnik\u00f3w podane w formularzu rejestracyjnym nie b\u0119d\u0105 udost\u0119pniane osobom trzecim.<\/li>\n\n\n\n<li class=\"has-small-font-size\">Dane osobowe Uczestnik\u00f3w nie b\u0119d\u0105 przekazywane do pa\u0144stw trzecich (poza Europejski Obszar Gospodarczy) ani do organizacji mi\u0119dzynarodowych.<\/li>\n\n\n\n<li class=\"has-small-font-size\">Dost\u0119p do danych osobowych Uczestnik\u00f3w b\u0119d\u0105 posiada\u0107 upowa\u017cnieni pracownicy, wsp\u00f3\u0142pracownicy lub studenci Uniwersytetu Warszawskiego, kt\u00f3rzy musz\u0105 przetwarza\u0107 dane Uczestnik\u00f3w w zwi\u0105zku z Konferencj\u0105.<\/li>\n\n\n\n<li class=\"has-small-font-size\">Dane osobowe Uczestnik\u00f3w podane w formularzu rejestracyjnym b\u0119d\u0105 przetwarzane przez czas trwania Konferencji, a nast\u0119pnie przez okres wymagany przepisami podatkowymi i o rachunkowo\u015bci. Po tym czasie dane zostan\u0105 usuni\u0119te.<\/li>\n\n\n\n<li class=\"has-small-font-size\">Dana osobowa w postaci wizerunku mo\u017ce zosta\u0107 utrwalona na zdj\u0119ciach lub filmach z Konferencji i przetwarzana na stronach internetowych Organizator\u00f3w i profilach w mediach spo\u0142eczno\u015bciowych zarz\u0105dzanych przez Organizator\u00f3w, na cele zwi\u0105zane z promocj\u0105\u00a0i informacj\u0105.<\/li>\n\n\n\n<li class=\"has-small-font-size\">Uczestnik posiada prawo do: uzyskania informacji o przetwarzaniu danych osobowych i uprawnieniach przys\u0142uguj\u0105cych zgodnie z RODO, dost\u0119pu do tre\u015bci swoich danych oraz<br>otrzymania ich kopii, sprostowania (poprawienia) swoich danych osobowych, ograniczenia przetwarzania danych osobowych, a tak\u017ce prawo do usuni\u0119cia danych osobowych ze zbior\u00f3w administratora (z zastrze\u017ceniem art. 17 ust. 3 RODO), wniesienia skargi do Prezesa Urz\u0119du Ochrony Danych, je\u017celi uznaj\u0105 Pa\u0144stwo, \u017ce przetwarzanie danych osobowych narusza przepisy prawa w zakresie ochrony danych osobowych.<\/li>\n\n\n\n<li class=\"has-small-font-size\">Wycofanie zgody na przetwarzanie danych osobowych mo\u017cna przes\u0142a\u0107 e-mailem na adres: polreg2025@uw.edu.pl, poczt\u0105 tradycyjn\u0105 na adres: Wydzia\u0142 Geografii i<br>Studi\u00f3w Regionalnych Uniwersytetu Warszawskiego, ul. Krakowskie Przedmie\u015bcie 30, 00-927 Warszawa lub wycofa\u0107 osobi\u015bcie stawiaj\u0105c si\u0119 na Wydziale Geografii i Studi\u00f3w Regionalnych UW.<\/li>\n<\/ol>\n\n\n\n<p><\/p>\n","protected":false},"excerpt":{"rendered":"<p>Zach\u0119camy do zapoznania si\u0119 z Komunikatem III, kt\u00f3ry zawiera kluczowe informacje w zakresie zbli\u017caj\u0105cej si\u0119 konferencji POLREG 2025: Formularz dotycz\u0105cy wp\u0142at za konferencj\u0119 &#8211; tylko dla os\u00f3b ju\u017c zarejestrowanych: Formularz wp\u0142aty POLREG 2025 _____________________________________________________________________ Standardowa op\u0142ata konferencyjna: udzia\u0142 w dniach 19-21.10.2025 (w tym dwie kolacje): 1100 z\u0142 udzia\u0142 tylko w dniu 20.10.2025 (w tym kolacja): [&hellip;]<\/p>\n","protected":false},"author":4,"featured_media":0,"parent":0,"menu_order":0,"comment_status":"closed","ping_status":"closed","template":"","meta":{"footnotes":""},"class_list":["post-78","page","type-page","status-publish","hentry"],"_links":{"self":[{"href":"https:\/\/polreg2025.kfiss.wgsr.uw.edu.pl\/index.php?rest_route=\/wp\/v2\/pages\/78","targetHints":{"allow":["GET"]}}],"collection":[{"href":"https:\/\/polreg2025.kfiss.wgsr.uw.edu.pl\/index.php?rest_route=\/wp\/v2\/pages"}],"about":[{"href":"https:\/\/polreg2025.kfiss.wgsr.uw.edu.pl\/index.php?rest_route=\/wp\/v2\/types\/page"}],"author":[{"embeddable":true,"href":"https:\/\/polreg2025.kfiss.wgsr.uw.edu.pl\/index.php?rest_route=\/wp\/v2\/users\/4"}],"replies":[{"embeddable":true,"href":"https:\/\/polreg2025.kfiss.wgsr.uw.edu.pl\/index.php?rest_route=%2Fwp%2Fv2%2Fcomments&post=78"}],"version-history":[{"count":18,"href":"https:\/\/polreg2025.kfiss.wgsr.uw.edu.pl\/index.php?rest_route=\/wp\/v2\/pages\/78\/revisions"}],"predecessor-version":[{"id":359,"href":"https:\/\/polreg2025.kfiss.wgsr.uw.edu.pl\/index.php?rest_route=\/wp\/v2\/pages\/78\/revisions\/359"}],"wp:attachment":[{"href":"https:\/\/polreg2025.kfiss.wgsr.uw.edu.pl\/index.php?rest_route=%2Fwp%2Fv2%2Fmedia&parent=78"}],"curies":[{"name":"wp","href":"https:\/\/api.w.org\/{rel}","templated":true}]}}