{"id":50,"date":"2025-01-07T17:40:32","date_gmt":"2025-01-07T17:40:32","guid":{"rendered":"https:\/\/polreg2025.kfiss.wgsr.uw.edu.pl\/?page_id=50"},"modified":"2025-02-19T12:13:58","modified_gmt":"2025-02-19T12:13:58","slug":"kontakt","status":"publish","type":"page","link":"https:\/\/polreg2025.kfiss.wgsr.uw.edu.pl\/?page_id=50","title":{"rendered":"Kontakt"},"content":{"rendered":"\n<p>email: <strong><a href=\"mailto:polreg2025@uw.edu.pl\" target=\"_blank\" rel=\"noreferrer noopener\">polreg2025@uw.edu.pl<\/a><\/strong><\/p>\n\n\n\n<p class=\"has-medium-font-size\">Wydzia\u0142 Geografii i Studi\u00f3w Regionalnych<br>Uniwersytet Warszawski<br>ul. Krakowskie Przedmie\u015bcie 30<br>00-927 Warszawa<\/p>\n\n\n\n<p><\/p>\n","protected":false},"excerpt":{"rendered":"<p>email: polreg2025@uw.edu.pl Wydzia\u0142 Geografii i Studi\u00f3w RegionalnychUniwersytet Warszawskiul. Krakowskie Przedmie\u015bcie 3000-927 Warszawa<\/p>\n","protected":false},"author":4,"featured_media":0,"parent":0,"menu_order":0,"comment_status":"closed","ping_status":"closed","template":"","meta":{"footnotes":""},"class_list":["post-50","page","type-page","status-publish","hentry"],"_links":{"self":[{"href":"https:\/\/polreg2025.kfiss.wgsr.uw.edu.pl\/index.php?rest_route=\/wp\/v2\/pages\/50","targetHints":{"allow":["GET"]}}],"collection":[{"href":"https:\/\/polreg2025.kfiss.wgsr.uw.edu.pl\/index.php?rest_route=\/wp\/v2\/pages"}],"about":[{"href":"https:\/\/polreg2025.kfiss.wgsr.uw.edu.pl\/index.php?rest_route=\/wp\/v2\/types\/page"}],"author":[{"embeddable":true,"href":"https:\/\/polreg2025.kfiss.wgsr.uw.edu.pl\/index.php?rest_route=\/wp\/v2\/users\/4"}],"replies":[{"embeddable":true,"href":"https:\/\/polreg2025.kfiss.wgsr.uw.edu.pl\/index.php?rest_route=%2Fwp%2Fv2%2Fcomments&post=50"}],"version-history":[{"count":2,"href":"https:\/\/polreg2025.kfiss.wgsr.uw.edu.pl\/index.php?rest_route=\/wp\/v2\/pages\/50\/revisions"}],"predecessor-version":[{"id":132,"href":"https:\/\/polreg2025.kfiss.wgsr.uw.edu.pl\/index.php?rest_route=\/wp\/v2\/pages\/50\/revisions\/132"}],"wp:attachment":[{"href":"https:\/\/polreg2025.kfiss.wgsr.uw.edu.pl\/index.php?rest_route=%2Fwp%2Fv2%2Fmedia&parent=50"}],"curies":[{"name":"wp","href":"https:\/\/api.w.org\/{rel}","templated":true}]}}