{"id":41,"date":"2025-01-07T17:38:43","date_gmt":"2025-01-07T17:38:43","guid":{"rendered":"https:\/\/polreg2025.kfiss.wgsr.uw.edu.pl\/?page_id=41"},"modified":"2025-10-07T11:59:43","modified_gmt":"2025-10-07T11:59:43","slug":"komitet-organizacyjny","status":"publish","type":"page","link":"https:\/\/polreg2025.kfiss.wgsr.uw.edu.pl\/?page_id=41","title":{"rendered":"Komitet organizacyjny"},"content":{"rendered":"\n<p class=\"has-x-large-font-size\"><strong>Komitet organizacyjny konferencji:<\/strong><\/p>\n\n\n\n<p style=\"font-size:clamp(0.875rem, 0.875rem + ((1vw - 0.2rem) * 0.51), 1.2rem);\">dr Magdalena Cybulska &#8211; przewodnicz\u0105ca<br>prof. dr hab. Wojciech\u00a0Dziemianowicz<br>dr hab. Dorota Mantey, prof. ucz.<br>dr Ewelina Biczy\u0144ska<br>dr Anna D\u0105browska<br>dr Magdalena Mostowska<br>dr Monika P\u0119kalska<br>mgr Wojciech Doroszewicz<br>mgr Jan Goli\u0144ski<br>mgr Micha\u0142 Stokowski<br>mgr Samuel Turosz\u00a0<br>mgr Mateusz Wyrzykowski<\/p>\n\n\n\n<p><\/p>\n","protected":false},"excerpt":{"rendered":"<p>Komitet organizacyjny konferencji: dr Magdalena Cybulska &#8211; przewodnicz\u0105caprof. dr hab. Wojciech\u00a0Dziemianowiczdr hab. Dorota Mantey, prof. ucz.dr Ewelina Biczy\u0144skadr Anna D\u0105browskadr Magdalena Mostowskadr Monika P\u0119kalskamgr Wojciech Doroszewiczmgr Jan Goli\u0144skimgr Micha\u0142 Stokowskimgr Samuel Turosz\u00a0mgr Mateusz Wyrzykowski<\/p>\n","protected":false},"author":4,"featured_media":56,"parent":0,"menu_order":0,"comment_status":"closed","ping_status":"closed","template":"","meta":{"footnotes":""},"class_list":["post-41","page","type-page","status-publish","has-post-thumbnail","hentry"],"_links":{"self":[{"href":"https:\/\/polreg2025.kfiss.wgsr.uw.edu.pl\/index.php?rest_route=\/wp\/v2\/pages\/41","targetHints":{"allow":["GET"]}}],"collection":[{"href":"https:\/\/polreg2025.kfiss.wgsr.uw.edu.pl\/index.php?rest_route=\/wp\/v2\/pages"}],"about":[{"href":"https:\/\/polreg2025.kfiss.wgsr.uw.edu.pl\/index.php?rest_route=\/wp\/v2\/types\/page"}],"author":[{"embeddable":true,"href":"https:\/\/polreg2025.kfiss.wgsr.uw.edu.pl\/index.php?rest_route=\/wp\/v2\/users\/4"}],"replies":[{"embeddable":true,"href":"https:\/\/polreg2025.kfiss.wgsr.uw.edu.pl\/index.php?rest_route=%2Fwp%2Fv2%2Fcomments&post=41"}],"version-history":[{"count":6,"href":"https:\/\/polreg2025.kfiss.wgsr.uw.edu.pl\/index.php?rest_route=\/wp\/v2\/pages\/41\/revisions"}],"predecessor-version":[{"id":335,"href":"https:\/\/polreg2025.kfiss.wgsr.uw.edu.pl\/index.php?rest_route=\/wp\/v2\/pages\/41\/revisions\/335"}],"wp:featuredmedia":[{"embeddable":true,"href":"https:\/\/polreg2025.kfiss.wgsr.uw.edu.pl\/index.php?rest_route=\/wp\/v2\/media\/56"}],"wp:attachment":[{"href":"https:\/\/polreg2025.kfiss.wgsr.uw.edu.pl\/index.php?rest_route=%2Fwp%2Fv2%2Fmedia&parent=41"}],"curies":[{"name":"wp","href":"https:\/\/api.w.org\/{rel}","templated":true}]}}