{"id":38,"date":"2025-01-07T17:37:48","date_gmt":"2025-01-07T17:37:48","guid":{"rendered":"https:\/\/polreg2025.kfiss.wgsr.uw.edu.pl\/?page_id=38"},"modified":"2025-10-01T11:04:19","modified_gmt":"2025-10-01T11:04:19","slug":"forum-programowe","status":"publish","type":"page","link":"https:\/\/polreg2025.kfiss.wgsr.uw.edu.pl\/?page_id=38","title":{"rendered":"Forum programowe"},"content":{"rendered":"\n<p class=\"has-x-large-font-size\"><strong>Forum programowe Konferencji POLREG 2025:<\/strong><\/p>\n\n\n\n<ul class=\"wp-block-list\">\n<li style=\"font-size:clamp(0.875rem, 0.875rem + ((1vw - 0.2rem) * 0.51), 1.2rem);\">prof. dr hab. Pawe\u0142 Churski, Uniwersytet im. Adama Mickiewicza w Poznaniu,<\/li>\n\n\n\n<li style=\"font-size:clamp(0.875rem, 0.875rem + ((1vw - 0.2rem) * 0.51), 1.2rem);\">prof. dr hab. Boles\u0142aw Doma\u0144ski, Uniwersytet Jagiello\u0144ski w Krakowie,<\/li>\n\n\n\n<li style=\"font-size:clamp(0.875rem, 0.875rem + ((1vw - 0.2rem) * 0.51), 1.2rem);\">dr hab. Adam Drobniak, prof. UE, Uniwersytet Ekonomiczny w Katowicach,<\/li>\n\n\n\n<li style=\"font-size:clamp(0.875rem, 0.875rem + ((1vw - 0.2rem) * 0.51), 1.2rem);\">prof. dr hab. Wojciech Dziemianowicz, Uniwersytet Warszawski,<\/li>\n\n\n\n<li style=\"font-size:clamp(0.875rem, 0.875rem + ((1vw - 0.2rem) * 0.51), 1.2rem);\">dr hab. Krzysztof Gwosdz, prof. UJ, Uniwersytet Jagiello\u0144ski w Krakowie,<\/li>\n\n\n\n<li style=\"font-size:clamp(0.875rem, 0.875rem + ((1vw - 0.2rem) * 0.51), 1.2rem);\">prof. dr hab. Stanis\u0142aw Korenik, Uniwersytet Ekonomiczny we Wroc\u0142awiu,<\/li>\n\n\n\n<li style=\"font-size:clamp(0.875rem, 0.875rem + ((1vw - 0.2rem) * 0.51), 1.2rem);\">dr hab. Aleksandra Nowakowska, prof. U\u0141, Uniwersytet \u0141\u00f3dzki,<\/li>\n\n\n\n<li style=\"font-size:clamp(0.875rem, 0.875rem + ((1vw - 0.2rem) * 0.51), 1.2rem);\">dr hab. Alicja Zakrzewska-P\u00f3\u0142torak, prof. UEW, Uniwersytet Ekonomiczny we Wroc\u0142awiu.<\/li>\n<\/ul>\n\n\n\n<p><\/p>\n\n\n\n<figure class=\"wp-block-image size-large\"><img loading=\"lazy\" decoding=\"async\" width=\"1024\" height=\"204\" src=\"https:\/\/polreg2025.kfiss.wgsr.uw.edu.pl\/wp-content\/uploads\/2025\/02\/RGB_pion_kolor_-pow-2-cm-wys-1024x204.png\" alt=\"\" class=\"wp-image-171\" srcset=\"https:\/\/polreg2025.kfiss.wgsr.uw.edu.pl\/wp-content\/uploads\/2025\/02\/RGB_pion_kolor_-pow-2-cm-wys-1024x204.png 1024w, https:\/\/polreg2025.kfiss.wgsr.uw.edu.pl\/wp-content\/uploads\/2025\/02\/RGB_pion_kolor_-pow-2-cm-wys-300x60.png 300w, https:\/\/polreg2025.kfiss.wgsr.uw.edu.pl\/wp-content\/uploads\/2025\/02\/RGB_pion_kolor_-pow-2-cm-wys-768x153.png 768w, https:\/\/polreg2025.kfiss.wgsr.uw.edu.pl\/wp-content\/uploads\/2025\/02\/RGB_pion_kolor_-pow-2-cm-wys-1536x306.png 1536w, https:\/\/polreg2025.kfiss.wgsr.uw.edu.pl\/wp-content\/uploads\/2025\/02\/RGB_pion_kolor_-pow-2-cm-wys.png 1958w\" sizes=\"auto, (max-width: 1024px) 100vw, 1024px\" \/><\/figure>\n\n\n\n<p><\/p>\n","protected":false},"excerpt":{"rendered":"<p>Forum programowe Konferencji POLREG 2025:<\/p>\n","protected":false},"author":4,"featured_media":0,"parent":0,"menu_order":0,"comment_status":"closed","ping_status":"closed","template":"","meta":{"footnotes":""},"class_list":["post-38","page","type-page","status-publish","hentry"],"_links":{"self":[{"href":"https:\/\/polreg2025.kfiss.wgsr.uw.edu.pl\/index.php?rest_route=\/wp\/v2\/pages\/38","targetHints":{"allow":["GET"]}}],"collection":[{"href":"https:\/\/polreg2025.kfiss.wgsr.uw.edu.pl\/index.php?rest_route=\/wp\/v2\/pages"}],"about":[{"href":"https:\/\/polreg2025.kfiss.wgsr.uw.edu.pl\/index.php?rest_route=\/wp\/v2\/types\/page"}],"author":[{"embeddable":true,"href":"https:\/\/polreg2025.kfiss.wgsr.uw.edu.pl\/index.php?rest_route=\/wp\/v2\/users\/4"}],"replies":[{"embeddable":true,"href":"https:\/\/polreg2025.kfiss.wgsr.uw.edu.pl\/index.php?rest_route=%2Fwp%2Fv2%2Fcomments&post=38"}],"version-history":[{"count":14,"href":"https:\/\/polreg2025.kfiss.wgsr.uw.edu.pl\/index.php?rest_route=\/wp\/v2\/pages\/38\/revisions"}],"predecessor-version":[{"id":329,"href":"https:\/\/polreg2025.kfiss.wgsr.uw.edu.pl\/index.php?rest_route=\/wp\/v2\/pages\/38\/revisions\/329"}],"wp:attachment":[{"href":"https:\/\/polreg2025.kfiss.wgsr.uw.edu.pl\/index.php?rest_route=%2Fwp%2Fv2%2Fmedia&parent=38"}],"curies":[{"name":"wp","href":"https:\/\/api.w.org\/{rel}","templated":true}]}}