{"id":144,"date":"2025-02-19T13:06:46","date_gmt":"2025-02-19T13:06:46","guid":{"rendered":"https:\/\/polreg2025.kfiss.wgsr.uw.edu.pl\/?page_id=144"},"modified":"2025-10-14T19:04:54","modified_gmt":"2025-10-14T19:04:54","slug":"ramowy-program-konferencji-2","status":"publish","type":"page","link":"https:\/\/polreg2025.kfiss.wgsr.uw.edu.pl\/?page_id=144","title":{"rendered":"Ramowy program konferencji"},"content":{"rendered":"\n<p>Szczeg\u00f3\u0142owy program konferencji dost\u0119pny jest poni\u017cej:<\/p>\n\n\n\n<div data-wp-interactive=\"core\/file\" class=\"wp-block-file\"><object data-wp-bind--hidden=\"!state.hasPdfPreview\" hidden class=\"wp-block-file__embed\" data=\"https:\/\/polreg2025.kfiss.wgsr.uw.edu.pl\/wp-content\/uploads\/2025\/10\/Szczegolowy-program-konferencji-POLREG-2025-1.pdf\" type=\"application\/pdf\" style=\"width:100%;height:600px\" aria-label=\"Osadzone z Szczeg\u00f3\u0142owy program konferencji POLREG 2025.\"><\/object><a id=\"wp-block-file--media-bca055af-4099-4040-aa2b-02a0b3ecfe83\" href=\"https:\/\/polreg2025.kfiss.wgsr.uw.edu.pl\/wp-content\/uploads\/2025\/10\/Szczegolowy-program-konferencji-POLREG-2025-1.pdf\">Szczeg\u00f3\u0142owy program konferencji POLREG 2025<\/a><a href=\"https:\/\/polreg2025.kfiss.wgsr.uw.edu.pl\/wp-content\/uploads\/2025\/10\/Szczegolowy-program-konferencji-POLREG-2025-1.pdf\" class=\"wp-block-file__button wp-element-button\" download aria-describedby=\"wp-block-file--media-bca055af-4099-4040-aa2b-02a0b3ecfe83\">Pobierz<\/a><\/div>\n\n\n\n<p><br>Prezentujemy Pa\u0144stwu r\u00f3wnie\u017c ksi\u0119g\u0119 abstrakt\u00f3w referat\u00f3w i poster\u00f3w prezentowanych na konferencji:<\/p>\n\n\n\n<div data-wp-interactive=\"core\/file\" class=\"wp-block-file\"><object data-wp-bind--hidden=\"!state.hasPdfPreview\" hidden class=\"wp-block-file__embed\" data=\"https:\/\/polreg2025.kfiss.wgsr.uw.edu.pl\/wp-content\/uploads\/2025\/10\/Ksiega-abstraktow-finalna.pdf\" type=\"application\/pdf\" style=\"width:100%;height:600px\" aria-label=\"Osadzone z Ksi\u0119ga abstrakt\u00f3w .\"><\/object><a id=\"wp-block-file--media-3b47e62b-c2ef-48e7-86c4-e16f921b391a\" href=\"https:\/\/polreg2025.kfiss.wgsr.uw.edu.pl\/wp-content\/uploads\/2025\/10\/Ksiega-abstraktow-finalna.pdf\">Ksi\u0119ga abstrakt\u00f3w <\/a><a href=\"https:\/\/polreg2025.kfiss.wgsr.uw.edu.pl\/wp-content\/uploads\/2025\/10\/Ksiega-abstraktow-finalna.pdf\" class=\"wp-block-file__button wp-element-button\" download aria-describedby=\"wp-block-file--media-3b47e62b-c2ef-48e7-86c4-e16f921b391a\">Pobierz<\/a><\/div>\n\n\n\n<p>Skr\u00f3cony program konferencji:<\/p>\n\n\n\n<p class=\"has-medium-font-size\"><strong>Miejsce konferencji<\/strong>: ul. Dobra 55, Wydzia\u0142 Neofilologii Uniwersytetu Warszawskiego<\/p>\n\n\n\n<figure class=\"wp-block-table\"><table class=\"has-fixed-layout\"><tbody><tr><td colspan=\"2\"><strong>19.10.2025 (niedziela)<\/strong><strong><\/strong><\/td><\/tr><tr><td>wycieczka<\/td><td>15.30-18.30<\/td><\/tr><tr><td>kolacja powitalna<\/td><td>18.30-21.00<\/td><\/tr><tr><td colspan=\"2\"><strong>20.10.2025 (poniedzia\u0142ek)<\/strong><strong><\/strong><\/td><\/tr><tr><td>rejestracja i kawa powitalna<\/td><td>8.30-9.30<\/td><\/tr><tr><td>otwarcie obrad i sesja plenarna:<strong><em> Polskie miasta i regiony, polityki krajowe i europejskie, dylematy naukowe i praktyczne<\/em><\/strong> (aula 0.410)<\/td><td>9.30-11.30<\/td><\/tr><tr><td>przerwa kawowa<\/td><td>11.30-12.00<\/td><\/tr><tr><td><strong><em>KPZK PAN \u2013 wyst\u0105pienia laureat\u00f3w konkursu im. K. Czapiewskiego <\/em><\/strong>(aula 0.410)<\/td><td>12.00-13.30<\/td><\/tr><tr><td>obiad<\/td><td>13.30-14.30<\/td><\/tr><tr><td>sesja tematyczna: <strong><em>Zr\u00f3wnowa\u017cona mobilno\u015b\u0107 i wykluczenie transportowe jako wyzwanie polityki rozwoju<\/em><\/strong> (sala 1.110)<\/td><td rowspan=\"2\">14.30-16.00<\/td><\/tr><tr><td>sesja tematyczna: <strong><em>Wyzwania terytorialnego wsp\u00f3\u0142zarz\u0105dzania<\/em><\/strong> (aula 0.410)<\/td><\/tr><tr><td>przerwa kawowa i \u201esesja\u201d networkingowa<\/td><td>16.00-18.00<\/td><\/tr><tr><td>uroczysta kolacja<\/td><td>18.00-21.00<\/td><\/tr><tr><td colspan=\"2\"><strong>21.10.2025 (wtorek)<\/strong><strong><\/strong><\/td><\/tr><tr><td>rejestracja i kawa powitalna<\/td><td>8.00-9.00<\/td><\/tr><tr><td>sesja tematyczna: <strong><em>Polityka miejska a terytorializacja proces\u00f3w spo\u0142eczno-gospodarczych<\/em><\/strong> (aula 0.410)<\/td><td rowspan=\"2\">9.00-10.30<\/td><\/tr><tr><td>sesja tematyczna: <strong><em>Odporno\u015b\u0107 miast i region\u00f3w we wsp\u00f3\u0142czesnych przemianach polityki rozwoju (cz. I)<\/em><\/strong> (sala 1.110)<\/td><\/tr><tr><td>przerwa kawowa<\/td><td>10.30-11.00<\/td><\/tr><tr><td>sesja tematyczna: <strong><em>Odporno\u015b\u0107 miast i region\u00f3w we wsp\u00f3\u0142czesnych przemianach polityki rozwoju (cz. II)<\/em><\/strong> (sala 1.110)<\/td><td rowspan=\"3\">11.00-12.30<\/td><\/tr><tr><td>Seminarium:<strong><em> Wok\u00f3\u0142 \u201esmart shrinking\u201d \u2013 adaptacja miast do proces\u00f3w depopulacji <\/em><\/strong>(sala 1.120)<\/td><\/tr><tr><td><strong><em>Sesja doktorancka <\/em><\/strong>(aula 0.410)<\/td><\/tr><tr><td>obiad<\/td><td>12.30-13.30<\/td><\/tr><tr><td>sesja tematyczna: <strong><em>Przysz\u0142o\u015b\u0107 region\u00f3w w kontek\u015bcie energetycznej i sprawiedliwej transformacji<\/em><\/strong> (sala 1.110)<\/td><td rowspan=\"2\">13.30-15.00<\/td><\/tr><tr><td>sesja tematyczna: <strong><em>Strategie samorz\u0105dowe 5-tej generacji?<\/em><\/strong> (aula 0.410)<\/td><\/tr><tr><td>podsumowanie konferencji (aula 0.410)<\/td><td>15.00-15.30<\/td><\/tr><\/tbody><\/table><\/figure>\n\n\n\n<p class=\"has-medium-font-size\"><\/p>\n\n\n\n<p><\/p>\n","protected":false},"excerpt":{"rendered":"<p>Szczeg\u00f3\u0142owy program konferencji dost\u0119pny jest poni\u017cej: Prezentujemy Pa\u0144stwu r\u00f3wnie\u017c ksi\u0119g\u0119 abstrakt\u00f3w referat\u00f3w i poster\u00f3w prezentowanych na konferencji: Skr\u00f3cony program konferencji: Miejsce konferencji: ul. Dobra 55, Wydzia\u0142 Neofilologii Uniwersytetu Warszawskiego 19.10.2025 (niedziela) wycieczka 15.30-18.30 kolacja powitalna 18.30-21.00 20.10.2025 (poniedzia\u0142ek) rejestracja i kawa powitalna 8.30-9.30 otwarcie obrad i sesja plenarna: Polskie miasta i regiony, polityki krajowe i [&hellip;]<\/p>\n","protected":false},"author":4,"featured_media":0,"parent":0,"menu_order":0,"comment_status":"closed","ping_status":"closed","template":"","meta":{"footnotes":""},"class_list":["post-144","page","type-page","status-publish","hentry"],"_links":{"self":[{"href":"https:\/\/polreg2025.kfiss.wgsr.uw.edu.pl\/index.php?rest_route=\/wp\/v2\/pages\/144","targetHints":{"allow":["GET"]}}],"collection":[{"href":"https:\/\/polreg2025.kfiss.wgsr.uw.edu.pl\/index.php?rest_route=\/wp\/v2\/pages"}],"about":[{"href":"https:\/\/polreg2025.kfiss.wgsr.uw.edu.pl\/index.php?rest_route=\/wp\/v2\/types\/page"}],"author":[{"embeddable":true,"href":"https:\/\/polreg2025.kfiss.wgsr.uw.edu.pl\/index.php?rest_route=\/wp\/v2\/users\/4"}],"replies":[{"embeddable":true,"href":"https:\/\/polreg2025.kfiss.wgsr.uw.edu.pl\/index.php?rest_route=%2Fwp%2Fv2%2Fcomments&post=144"}],"version-history":[{"count":12,"href":"https:\/\/polreg2025.kfiss.wgsr.uw.edu.pl\/index.php?rest_route=\/wp\/v2\/pages\/144\/revisions"}],"predecessor-version":[{"id":346,"href":"https:\/\/polreg2025.kfiss.wgsr.uw.edu.pl\/index.php?rest_route=\/wp\/v2\/pages\/144\/revisions\/346"}],"wp:attachment":[{"href":"https:\/\/polreg2025.kfiss.wgsr.uw.edu.pl\/index.php?rest_route=%2Fwp%2Fv2%2Fmedia&parent=144"}],"curies":[{"name":"wp","href":"https:\/\/api.w.org\/{rel}","templated":true}]}}