{"id":101,"date":"2025-02-17T16:41:46","date_gmt":"2025-02-17T16:41:46","guid":{"rendered":"https:\/\/polreg2025.kfiss.wgsr.uw.edu.pl\/?page_id=101"},"modified":"2025-10-01T09:17:39","modified_gmt":"2025-10-01T09:17:39","slug":"ramowy-program-konferencji","status":"publish","type":"page","link":"https:\/\/polreg2025.kfiss.wgsr.uw.edu.pl\/?page_id=101","title":{"rendered":"Sesje"},"content":{"rendered":"\n<p class=\"has-text-align-left has-base-color has-text-color has-background has-link-color has-large-font-size wp-elements-c04d8a06538d3b31ac498d5b6ac46ac2\" style=\"background-color:#1b1b64\">Referaty w sesjach tematycznych \u2013 wytyczne<\/p>\n\n\n\n<p class=\"has-text-align-left has-text-color has-link-color has-large-font-size wp-elements-e4d5c111f4f81898aa3e18743b443d73\" style=\"color:#203a5efa\">Sesje tematyczne b\u0119d\u0105 mia\u0142y charakter sesji panelowych z dominacj\u0105 cz\u0119\u015bci dyskusyjnej. Ka\u017cdy z prelegent\u00f3w zobowi\u0105zany jest do przygotowania prezentacji, w kt\u00f3rej zawarte b\u0119d\u0105: afiliacja i tytu\u0142 wyst\u0105pienia, kluczowe wnioski oraz tezy do dyskusji (liczba slajd\u00f3w i szczeg\u00f3\u0142y prezentacji b\u0119d\u0105 ustalane z prowadz\u0105cymi poszczeg\u00f3lne sesje). Wyst\u0105pienie przewidziane jest na 5-10 minut, w zale\u017cno\u015bci od sesji i szczeg\u00f3\u0142owych ustale\u0144 z moderatorem.<\/p>\n\n\n\n<p class=\"has-base-color has-text-color has-background has-link-color wp-elements-bcbf1679e9d156bae70e925561afdea6\" style=\"background-color:#1b1b64\"><strong>Postery w sesjach tematycznych \u2013 wytyczne<\/strong><\/p>\n\n\n\n<p class=\"is-style-default\">Poster formatu A1 zawieraj\u0105cy tytu\u0142, informacj\u0119 o autorze\/autorach, afiliacj\u0119, kr\u00f3tkie wprowadzenie do tematu, opis metod badawczych, najwa\u017cniejsze wyniki i wnioski. Organizatorzy zapewniaj\u0105 tablice A0 oraz szpilki (prosimy o wydruk na papierze o niezbyt du\u017cej gramaturze).<\/p>\n\n\n\n<p>Wszystkie postery przygotowane na POLREG 2025 b\u0119d\u0105 prezentowane w salach, w kt\u00f3rych odbywaj\u0105 si\u0119 sesje tematyczne oraz nast\u0119pnie wystawione w hallu, w kt\u00f3rym b\u0119d\u0105 mia\u0142y miejsce przerwy kawowe.<\/p>\n\n\n\n<p class=\"has-base-color has-text-color has-background has-link-color wp-elements-36d988b26c47fa1451b52a1aa245f883\" style=\"background-color:#1b1b64\"><strong>Sesja doktorancka \u2013 wytyczne<\/strong><\/p>\n\n\n\n<p>W tegorocznej konferencji POLREG 2025 sesja doktorancka b\u0119dzie mia\u0142a charakter dyskusji wok\u00f3\u0142 pyta\u0144 doktorant\u00f3w do do\u015bwiadczonej kadry naukowej. Szczeg\u00f3\u0142y prezentacji zostan\u0105 ustalone z prowadz\u0105cymi sesj\u0119.<\/p>\n\n\n\n<p>Postery w sesji doktoranckiej powinny by\u0107 przygotowane wed\u0142ug tych samych wytycznych, co postery w innych sesjach tematycznych, jednak dopuszcza si\u0119 tak\u017ce format A2. Szczeg\u00f3\u0142y merytoryczne poster\u00f3w zostan\u0105 ustalone z prowadz\u0105cymi sesj\u0119.<\/p>\n\n\n\n<p class=\"has-base-color has-text-color has-background has-link-color wp-elements-4a28a857c499ccdc157ba8dfd9a4ceb8\" style=\"background-color:#1b1b64\">Opisy sesji<\/p>\n\n\n\n<div class=\"wp-block-group alignfull is-style-default has-base-background-color has-background has-global-padding is-layout-constrained wp-block-group-is-layout-constrained\" style=\"margin-top:0;margin-bottom:0;padding-top:var(--wp--preset--spacing--50);padding-bottom:var(--wp--preset--spacing--50)\">\n<div class=\"wp-block-columns alignwide is-layout-flex wp-container-core-columns-is-layout-7ee84d44 wp-block-columns-is-layout-flex\">\n<div class=\"wp-block-column is-vertically-aligned-center is-layout-flow wp-block-column-is-layout-flow\" style=\"flex-basis:100%\">\n<h2 class=\"wp-block-heading\" style=\"font-size:clamp(16.293px, 1.018rem + ((1vw - 3.2px) * 0.854), 25px);\"><strong>Polityka miejska a terytorializacja proces\u00f3w spo\u0142eczno-gospodarczych<\/strong><\/h2>\n\n\n\n<p class=\"has-medium-font-size\"><strong>Skr\u00f3cony opis sesji:<\/strong> sesja dotyczy najnowszych proces\u00f3w zachodz\u0105cych w kszta\u0142towaniu miast pod wp\u0142ywem post\u0119puj\u0105cej terytorializacji zjawisk spo\u0142eczno-gospodarczych, badanych w r\u00f3\u017cnych przekrojach i skalach wsp\u00f3\u0142czesnych o\u015brodk\u00f3w osadniczych i ich otoczeniu. W spos\u00f3b bezpo\u015bredni odnosi si\u0119 to do wyzwa\u0144 zwi\u0105zanych z zarz\u0105dzaniem miastem w obliczu tego typu przekszta\u0142ce\u0144.<\/p>\n\n\n\n<p style=\"font-size:clamp(0.875rem, 0.875rem + ((1vw - 0.2rem) * 0.51), 1.2rem);\"><strong>Zakres tematyczny sesji obejmuje nast\u0119puj\u0105ce zagadnienia:<\/strong><\/p>\n\n\n\n<ul class=\"wp-block-list\">\n<li class=\"has-medium-font-size\">wsp\u00f3\u0142czesne dylematy rozwoju miast;<\/li>\n\n\n\n<li class=\"has-medium-font-size\">wp\u0142yw nowych uwarunkowa\u0144 na zarz\u0105dzanie miastem;<\/li>\n\n\n\n<li class=\"has-medium-font-size\">polityka miejska UE i jej wymiar praktyczny, w kontek\u015bcie terytorializacji proces\u00f3w spo\u0142eczno-gospodarczych;<\/li>\n\n\n\n<li class=\"has-medium-font-size\">nowe wyzwania rozwojowe polskich miast;<\/li>\n\n\n\n<li class=\"has-medium-font-size\">specyficzne determinanty rozwoju terytorialnego wobec megatrend\u00f3w spo\u0142eczno-gospodarczych.<\/li>\n<\/ul>\n\n\n\n<p class=\"has-medium-font-size\"><strong>Osoba odpowiedzialna \/ moderator:<\/strong> dr hab. Alicja Zakrzewska-P\u00f3\u0142torak prof. UEW; dr hab. Dorota Rynio prof. UEW; dr hab. Dariusz G\u0142uszczuk prof. UEW; Katedra Gospodarki Przestrzennej i Administracji Samorz\u0105dowej Uniwersytetu Ekonomicznego we Wroc\u0142awiu<\/p>\n<\/div>\n<\/div>\n<\/div>\n\n\n\n<div class=\"wp-block-group alignfull has-global-padding is-layout-constrained wp-block-group-is-layout-constrained\" style=\"margin-top:0;margin-bottom:0\">\n<div class=\"wp-block-group alignwide is-layout-flow wp-container-core-group-is-layout-d58a0413 wp-block-group-is-layout-flow\" style=\"padding-top:var(--wp--preset--spacing--50);padding-bottom:var(--wp--preset--spacing--50)\">\n<h2 class=\"wp-block-heading\" style=\"font-size:clamp(16.293px, 1.018rem + ((1vw - 3.2px) * 0.854), 25px);\"><strong><strong>Odporno\u015b\u0107 miast i region\u00f3w we wsp\u00f3\u0142czesnych przemianach polityki rozwoju<\/strong><\/strong><\/h2>\n\n\n\n<p class=\"has-medium-font-size\"><strong>Skr\u00f3cony opis sesji:<\/strong> sesja po\u015bwi\u0119cona zmieniaj\u0105cej si\u0119 roli dzia\u0142a\u0144 kszta\u0142tuj\u0105cych d\u0142ugookresow\u0105 odporno\u015b\u0107 miast i region\u00f3w w ramach programowania i wdra\u017cania interwencji polityki rozwoju. Wsp\u00f3\u0142czesne globalne kryzysy, takie jak z jednej strony skutki zmian klimatu, a z drugiej strony pandemia COVID-19 i agresja Rosji na Ukrain\u0119, wywo\u0142uj\u0105 zak\u0142\u00f3cenia o bezprecedensowej skali, kt\u00f3re szczeg\u00f3lnie dotykaj\u0105 grup wra\u017cliwych, region\u00f3w zaniedbanych ekonomicznie oraz obszar\u00f3w peryferyjnych. W tym kontek\u015bcie kluczowym wyzwaniem polityki rozwoju staje si\u0119 budowanie oraz reinterpretacja miejskiej i regionalnej odporno\u015bci.<\/p>\n\n\n\n<p style=\"font-size:clamp(0.875rem, 0.875rem + ((1vw - 0.2rem) * 0.51), 1.2rem);\"><strong>Zakres tematyczny sesji obejmuje nast\u0119puj\u0105ce zagadnienia:<\/strong> <\/p>\n\n\n\n<ul class=\"wp-block-list\">\n<li class=\"has-medium-font-size\">przejawy oraz dobre praktyki kszta\u0142towania zdolno\u015bci odbudowy po kryzysach (bounce back, recovery);<\/li>\n\n\n\n<li class=\"has-medium-font-size\">wyzwania zwi\u0105zane z tworzeniem i wzmacnianiem zdolno\u015bci do absorpcji skutk\u00f3w zak\u0142\u00f3ce\u0144 (absorptive resilience);<\/li>\n\n\n\n<li class=\"has-medium-font-size\">ocena przejaw\u00f3w adaptacji do zmieniaj\u0105cych si\u0119 warunk\u00f3w (adaptive resilience) oraz mo\u017cliwo\u015bci jej wzmacniania;<\/li>\n\n\n\n<li class=\"has-medium-font-size\">konsekwencje i zakres transformacji w odpowiedzi na kryzysy (transformative resilience);<\/li>\n\n\n\n<li class=\"has-medium-font-size\">wykorzystanie technologii cyfrowych w kszta\u0142towaniu odporno\u015bci miast i region\u00f3w;<\/li>\n\n\n\n<li class=\"has-medium-font-size\">znaczenie integracji miast i region\u00f3w z globalnymi sieciami warto\u015bci i \u0142a\u0144cuchami produkcji w kszta\u0142towaniu ich odporno\u015bci.&nbsp;<\/li>\n<\/ul>\n\n\n\n<p class=\"has-medium-font-size\"><strong>Osoba odpowiedzialna \/ moderator:<\/strong> prof. dr hab. Pawe\u0142 Churski, Wydzia\u0142 Geografii Spo\u0142eczno-Ekonomicznej i Gospodarki Przestrzennej wraz z Zespo\u0142em<\/p>\n<\/div>\n<\/div>\n\n\n\n<div class=\"wp-block-group alignfull is-style-default has-base-background-color has-background has-global-padding is-layout-constrained wp-block-group-is-layout-constrained\" style=\"margin-top:0;margin-bottom:0;padding-top:var(--wp--preset--spacing--50);padding-bottom:var(--wp--preset--spacing--50)\">\n<div class=\"wp-block-columns alignwide is-layout-flex wp-container-core-columns-is-layout-7ee84d44 wp-block-columns-is-layout-flex\">\n<div class=\"wp-block-column is-vertically-aligned-center is-layout-flow wp-block-column-is-layout-flow\" style=\"flex-basis:100%\">\n<h2 class=\"wp-block-heading\" style=\"font-size:clamp(16.293px, 1.018rem + ((1vw - 3.2px) * 0.854), 25px);\"><strong>Wyzwania terytorialnego wsp\u00f3\u0142zarz\u0105dzania<\/strong><\/h2>\n\n\n\n<p class=\"has-medium-font-size\"><strong>Skr\u00f3cony opis sesji:<\/strong> sesja po\u015bwi\u0119cona wyzwaniom terytorialnego wsp\u00f3\u0142zarz\u0105dzania, kt\u00f3re postrzegane jest jako efektywny spos\u00f3b zarz\u0105dzania przestrzeni\u0105, adekwatny do wsp\u00f3\u0142czesnych wyzwa\u0144. <em>Territorial governance<\/em> opiera si\u0119 na partnerstwie i dialogu, a jego celem jest optymalne wykorzystanie kapita\u0142u terytorialnego na rzecz budowania rozwoju. Istota terytorialnego wsp\u00f3\u0142zarz\u0105dzania eksponuje konieczno\u015b\u0107 uwzgl\u0119dnienie interes\u00f3w r\u00f3\u017cnych grup oraz w\u0142\u0105czenie spo\u0142eczne w procesy decyzyjne. Uwaga zorientowana jest na budow\u0119 kapita\u0142u relacyjnego i wsp\u00f3\u0142dzia\u0142anie podmiot\u00f3w w wymiarze horyzontalnym i wertykalnym.<\/p>\n\n\n\n<p style=\"font-size:clamp(0.875rem, 0.875rem + ((1vw - 0.2rem) * 0.51), 1.2rem);\"><strong>Zakres tematyczny sesji obejmuje nast\u0119puj\u0105ce zagadnienia:<\/strong><\/p>\n\n\n\n<ul class=\"wp-block-list\">\n<li class=\"has-medium-font-size\">wielowymiarowa koordynacja i integracja polityk rozwoju;<\/li>\n\n\n\n<li class=\"has-medium-font-size\">mobilizacja i partycypacja spo\u0142eczna w procesach rozwoju; <\/li>\n\n\n\n<li class=\"has-medium-font-size\">rozw\u00f3j zdolno\u015bci instytucjonalnych, w tym zdolno\u015bci wsp\u00f3\u0142pracy i adaptacyjnych; <\/li>\n\n\n\n<li class=\"has-medium-font-size\">terytorialnie ukierunkowana polityka rozwoju;<\/li>\n\n\n\n<li class=\"has-medium-font-size\">narz\u0119dzia i do\u015bwiadczenia w budowie wsp\u00f3\u0142pracy terytorialnej.<\/li>\n<\/ul>\n\n\n\n<p class=\"has-medium-font-size\"><strong>Osoba odpowiedzialna \/ moderator:<\/strong> dr hab. Aleksandra Nowakowska, prof. U\u0141, Katedra Gospodarki Regionalnej i \u015arodowiska, Wydzia\u0142 Ekonomiczno-Socjologiczny Uniwersytetu \u0141\u00f3dzkiego wraz z Zespo\u0142em<\/p>\n<\/div>\n<\/div>\n<\/div>\n\n\n\n<div class=\"wp-block-group alignfull has-global-padding is-layout-constrained wp-block-group-is-layout-constrained\" style=\"margin-top:0;margin-bottom:0\">\n<div class=\"wp-block-group alignwide is-layout-flow wp-container-core-group-is-layout-d58a0413 wp-block-group-is-layout-flow\" style=\"padding-top:var(--wp--preset--spacing--50);padding-bottom:var(--wp--preset--spacing--50)\">\n<h2 class=\"wp-block-heading\" style=\"font-size:clamp(16.293px, 1.018rem + ((1vw - 3.2px) * 0.854), 25px);\"><strong><strong><strong>Zr\u00f3wnowa\u017cona mobilno\u015b\u0107 i wykluczenie transportowe jako wyzwanie polityki rozwoju<\/strong><\/strong><\/strong><\/h2>\n\n\n\n<p class=\"has-medium-font-size\"><strong>Skr\u00f3cony opis sesji:<\/strong> Sesja koncentruje si\u0119 na zr\u00f3wnowa\u017conej mobilno\u015bci i wykluczeniu transportowym jako kluczowych wyzwaniach wsp\u00f3\u0142czesnej polityki rozwoju. Zapraszamy do zg\u0142aszania wyst\u0105pie\u0144 podejmuj\u0105cych zar\u00f3wno uj\u0119cia koncepcyjne i teoretyczne tych zagadnie\u0144, jak i prezentuj\u0105cych wyniki analiz empirycznych dotycz\u0105cych relacji mi\u0119dzy planowaniem transportu a zagospodarowaniem przestrzennym, strategiami politycznymi oraz modelami transportu publicznego sprzyjaj\u0105cymi inkluzji spo\u0142ecznej. Zach\u0119camy tak\u017ce do zg\u0142aszania propozycji referat\u00f3w dotycz\u0105cych innowacji technologicznych oraz wp\u0142ywu transportu na kryzys klimatyczny, kt\u00f3re pozwol\u0105 lepiej zrozumie\u0107 perspektywy rozwoju bardziej dost\u0119pnych i sprawiedliwych system\u00f3w mobilno\u015bci.<\/p>\n\n\n\n<p style=\"font-size:clamp(0.875rem, 0.875rem + ((1vw - 0.2rem) * 0.51), 1.2rem);\"><strong>Zakres tematyczny sesji obejmuje nast\u0119puj\u0105ce zagadnienia:<\/strong><\/p>\n\n\n\n<ul class=\"wp-block-list\">\n<li class=\"has-medium-font-size\">zr\u00f3wnowa\u017cona mobilno\u015b\u0107 i wykluczenie transportowe \u2013 uj\u0119cia koncepcyjne;<\/li>\n\n\n\n<li class=\"has-medium-font-size\">relacje mi\u0119dzy projektowaniem zr\u00f3wnowa\u017conych system\u00f3w transportowych a planowaniem przestrzennym;<\/li>\n\n\n\n<li class=\"has-medium-font-size\">strategie wsp\u00f3\u0142pracy i mechanizmy wykluczenia w planowaniu transportu;<\/li>\n\n\n\n<li class=\"has-medium-font-size\">polityki mi\u0119dzynarodowe, regionalne i lokalne w kontek\u015bcie mobilno\u015bci;<\/li>\n\n\n\n<li class=\"has-medium-font-size\">strategie polityki transportowej na rzecz zr\u00f3wnowa\u017conej mobilno\u015bci;<\/li>\n\n\n\n<li class=\"has-medium-font-size\">modele transportu publicznego;<\/li>\n\n\n\n<li class=\"has-medium-font-size\">wykluczenie transportowe \u2013 aspekty demograficzne, cyfryzacja, wp\u0142yw na rozw\u00f3j lokalny i strategie przeciwdzia\u0142ania;<\/li>\n\n\n\n<li class=\"has-medium-font-size\">innowacje na rzecz poprawy dost\u0119pno\u015bci transportowej;<\/li>\n\n\n\n<li class=\"has-medium-font-size\">zr\u00f3wnowa\u017cona mobilno\u015b\u0107 w kontek\u015bcie kryzysu klimatycznego;<\/li>\n<\/ul>\n\n\n\n<p class=\"has-medium-font-size\"><strong>Osoba odpowiedzialna \/ moderator:<\/strong> dr hab. Krzysztof Gwosdz, prof. UJ (koordynacja prac), zesp\u00f3\u0142 merytoryczny\/moderatorzy: prof. dr hab. Boles\u0142aw Doma\u0144ski, dr Luc Ampelman, dr \u0141ukasz Fiede\u0144, dr Arkadiusz Ko\u0142o\u015b, dr Jakub Taczanowski<\/p>\n<\/div>\n<\/div>\n\n\n\n<div class=\"wp-block-group alignfull is-style-default has-base-background-color has-background has-global-padding is-layout-constrained wp-block-group-is-layout-constrained\" style=\"margin-top:0;margin-bottom:0;padding-top:var(--wp--preset--spacing--50);padding-bottom:var(--wp--preset--spacing--50)\">\n<div class=\"wp-block-columns alignwide is-layout-flex wp-container-core-columns-is-layout-7ee84d44 wp-block-columns-is-layout-flex\">\n<div class=\"wp-block-column is-vertically-aligned-center is-layout-flow wp-block-column-is-layout-flow\" style=\"flex-basis:100%\">\n<h2 class=\"wp-block-heading\" style=\"font-size:clamp(16.293px, 1.018rem + ((1vw - 3.2px) * 0.854), 25px);\"><strong><strong>Przysz\u0142o\u015b\u0107 region\u00f3w w kontek\u015bcie energetycznej i sprawiedliwej transformacji<\/strong><\/strong><\/h2>\n\n\n\n<p class=\"has-medium-font-size\"><strong>Skr\u00f3cony opis sesji:<\/strong> sesja po\u015bwi\u0119cona zagadnieniom transformacji energetycznej i sprawiedliwej w uj\u0119ciu regionalnym, ze szczeg\u00f3lnym uwzgl\u0119dnieniem polskich region\u00f3w w\u0119glowych, przemys\u0142owych i poprzemys\u0142owych. Tematycznie nawi\u0105zuj\u0105ca do dw\u00f3ch podstawowych wymiar\u00f3w transformacji tj. energetycznej i sprawiedliwej.<\/p>\n\n\n\n<p style=\"font-size:clamp(0.875rem, 0.875rem + ((1vw - 0.2rem) * 0.51), 1.2rem);\"><strong>Zakres tematyczny sesji obejmuje nast\u0119puj\u0105ce zagadnienia:<\/strong><\/p>\n\n\n\n<ul class=\"wp-block-list\">\n<li class=\"has-medium-font-size\">wielowymiarowa koordynacja i integracja polityk rozwoju;<\/li>\n\n\n\n<li class=\"has-medium-font-size\">zmiany strukturalne w regionach w\u0119glowych, przemys\u0142owych i poprzemys\u0142owych jako konsekwencje transformacji energetycznej;<\/li>\n\n\n\n<li class=\"has-medium-font-size\">nowe bieguny wzrostu (rozwoju) oraz nowe obszary left behind i geografii niezadowolenia (geography of discontent) jako rezultatu transformacji energetycznej;<\/li>\n\n\n\n<li class=\"has-medium-font-size\">\u0142agodzenie negatywnych skutk\u00f3w transformacji energetycznej i budowanie nowych \u0142a\u0144cuch\u00f3w warto\u015bci w regionach o spu\u015bci\u017anie przemys\u0142owej;<\/li>\n\n\n\n<li class=\"has-medium-font-size\">scenariusze rozwoju spo\u0142eczno-gospodarczego region\u00f3w w\u0119glowych, przemys\u0142owych i poprzemys\u0142owych w dobie dekarbonizacji i zielonej taksonomii;<\/li>\n\n\n\n<li class=\"has-medium-font-size\">planowanie transformacji energetycznej i sprawiedliwej &#8211; koordynacji sektorowo-terytorialnej polityk centralnych i regionalnych;<\/li>\n\n\n\n<li class=\"has-medium-font-size\">interesariusze transformacji &#8211; grup i spo\u0142eczno\u015bci left behind;<\/li>\n\n\n\n<li class=\"has-medium-font-size\">przysz\u0142o\u015bci Funduszu na rzecz Sprawiedliwej Transformacji.<\/li>\n<\/ul>\n\n\n\n<p class=\"has-medium-font-size\"><strong>Osoba odpowiedzialna \/ moderator:<\/strong> dr hab. Adam Drobniak, prof. UEK, Wydzia\u0142 Gospodarki Przestrzennej i Transformacji Region\u00f3w, Uniwersytet Ekonomiczny w Katowicach wraz z tzw. Zespo\u0142em Katowickim: dr Marcin Baron, dr Artur Ochojski, dr Adam Polko, dr Piotr Ryka\u0142a.<\/p>\n<\/div>\n<\/div>\n<\/div>\n\n\n\n<div class=\"wp-block-group alignfull has-global-padding is-layout-constrained wp-block-group-is-layout-constrained\" style=\"margin-top:0;margin-bottom:0\">\n<div class=\"wp-block-group alignwide is-layout-flow wp-container-core-group-is-layout-d58a0413 wp-block-group-is-layout-flow\" style=\"padding-top:var(--wp--preset--spacing--50);padding-bottom:var(--wp--preset--spacing--50)\">\n<h2 class=\"wp-block-heading\" style=\"font-size:clamp(16.293px, 1.018rem + ((1vw - 3.2px) * 0.854), 25px);\"><strong><strong><strong>Strategie samorz\u0105dowe 5-tej generacji?<\/strong><\/strong><\/strong><\/h2>\n\n\n\n<p class=\"has-medium-font-size\"><strong>Skr\u00f3cony opis sesji:<\/strong> Sesja po\u015bwi\u0119cona wyzwaniom i dylematom zwi\u0105zanym z kolejnymi generacjami dokument\u00f3w strategicznych na poziomie regionalnym, ponadlokalnymi i lokalnym. Kluczowe zagadnienia koncentruj\u0105 si\u0119 wok\u00f3\u0142 integracji polityk rozwoju oraz wyzwa\u0144 zwi\u0105zanych z zarz\u0105dzaniem strategicznym, od mobilizacji spo\u0142eczno\u015bci interesariuszy, po relacje dokument\u00f3w samorz\u0105dowych ze strategiami krajowymi.<\/p>\n\n\n\n<p style=\"font-size:clamp(0.875rem, 0.875rem + ((1vw - 0.2rem) * 0.51), 1.2rem);\"><strong>Zakres tematyczny sesji obejmuje nast\u0119puj\u0105ce zagadnienia:<\/strong><\/p>\n\n\n\n<ul class=\"wp-block-list\">\n<li class=\"has-medium-font-size\">wielowymiarowa koordynacja i integracja polityk rozwoju;<\/li>\n\n\n\n<li class=\"has-medium-font-size\">czynniki rozwoju miast i region\u00f3w w uj\u0119ciu strategicznym;<\/li>\n\n\n\n<li class=\"has-medium-font-size\">zmiana jako\u015bciowa w zarz\u0105dzaniu strategicznym;<\/li>\n\n\n\n<li class=\"has-medium-font-size\">wyzwania stoj\u0105ce przed administracj\u0105 zwi\u0105zane z integracj\u0105 planowania strategicznego i przestrzennego;<\/li>\n\n\n\n<li class=\"has-medium-font-size\">megatrendy i trendy \u015bwiatowe oraz europejskie i ich wp\u0142yw na strategie polskich miast i region\u00f3w;<\/li>\n\n\n\n<li class=\"has-medium-font-size\">zastosowanie foresightu i podej\u015bcia scenariuszowego w strategiach rozwoju miast i region\u00f3w;<\/li>\n\n\n\n<li class=\"has-medium-font-size\">dobre vs. z\u0142e praktyki \u2013 z historii polskich i europejskich do\u015bwiadcze\u0144.&nbsp;<\/li>\n<\/ul>\n\n\n\n<p class=\"has-medium-font-size\"><strong>Osoba odpowiedzialna \/ moderator:<\/strong> dr hab. Wojciech Dziemianowicz, prof. UW; dr Magdalena Cybulska; dr hab. Dorota Mantey, prof. UW; dr Anna D\u0105browska; Wydzia\u0142 Geografii i Studi\u00f3w Regionalnych Uniwersytetu Warszawskiego.<\/p>\n<\/div>\n<\/div>\n\n\n\n<div class=\"wp-block-group alignfull is-style-default has-base-background-color has-background has-global-padding is-layout-constrained wp-block-group-is-layout-constrained\" style=\"margin-top:0;margin-bottom:0;padding-top:var(--wp--preset--spacing--50);padding-bottom:var(--wp--preset--spacing--50)\">\n<div class=\"wp-block-columns alignwide is-layout-flex wp-container-core-columns-is-layout-7ee84d44 wp-block-columns-is-layout-flex\">\n<div class=\"wp-block-column is-vertically-aligned-center is-layout-flow wp-block-column-is-layout-flow\" style=\"flex-basis:100%\">\n<h2 class=\"wp-block-heading\" style=\"font-size:clamp(16.293px, 1.018rem + ((1vw - 3.2px) * 0.854), 25px);\"><strong>Seminarium Obserwatorium Polityki Miejskiej i Regionalnej IRMiR: Wok\u00f3\u0142 \u201esmart shrinking\u201d \u2013 adaptacja miast do proces\u00f3w depopulacji<\/strong><\/h2>\n\n\n\n<p class=\"has-medium-font-size\">Na seminarium zapraszamy zw\u0142aszcza przedstawicieli administracji publicznej \u2013 rz\u0105dowej i samorz\u0105dowej. Seminarium zostanie po\u015bwi\u0119cone dyskusji nad\u00a0problemem depopulacji polskich miast w kontek\u015bcie idei \u201esmart shrinking\u201d.\u00a0<\/p>\n\n\n\n<p class=\"has-medium-font-size\"><strong>Osoba odpowiedzialna \/ moderator:<\/strong> dr Wojciech Jarczewski i dr Karol Janas (IRMiR) oraz dr hab. Dorota Mantey, prof. UW, Wydzia\u0142 Geografii i Studi\u00f3w Regionalnych Uniwersytetu Warszawskiego <\/p>\n<\/div>\n<\/div>\n<\/div>\n\n\n\n<div class=\"wp-block-group alignwide has-global-padding is-layout-constrained wp-container-core-group-is-layout-08655630 wp-block-group-is-layout-constrained\" style=\"margin-top:0;margin-bottom:0;padding-top:var(--wp--preset--spacing--80);padding-bottom:var(--wp--preset--spacing--80)\">\n<div class=\"wp-block-group alignwide is-layout-flow wp-block-group-is-layout-flow\">\n<div class=\"wp-block-group alignfull has-global-padding is-layout-constrained wp-block-group-is-layout-constrained\" style=\"margin-top:0;margin-bottom:0\">\n<div class=\"wp-block-group alignwide is-layout-flow wp-container-core-group-is-layout-d58a0413 wp-block-group-is-layout-flow\" style=\"padding-top:var(--wp--preset--spacing--50);padding-bottom:var(--wp--preset--spacing--50)\">\n<h2 class=\"wp-block-heading\" style=\"font-size:clamp(16.293px, 1.018rem + ((1vw - 3.2px) * 0.854), 25px);\"><strong><strong><strong>Sesja doktorancka (sesja plenarna)<\/strong><\/strong><\/strong><\/h2>\n\n\n\n<p class=\"has-medium-font-size\"><strong>Skr\u00f3cony opis sesji:<\/strong> w trakcie sesji zaprezentowane zostan\u0105 post\u0119py w przygotowywanych pracach doktorskich, kt\u00f3rych tematyka wi\u0105\u017ce si\u0119 z tematem przewodnim konferencji.<\/p>\n\n\n\n<p class=\"has-medium-font-size\"><strong>Osoby odpowiedzialne \/ moderatorki:<\/strong> dr Magdalena Mostowska i dr Anna D\u0105browska,<br>Wydzia\u0142 Geografii i Studi\u00f3w Regionalnych Uniwersytetu Warszawskiego.<\/p>\n<\/div>\n<\/div>\n\n\n\n<div style=\"height:var(--wp--preset--spacing--40)\" aria-hidden=\"true\" class=\"wp-block-spacer\"><\/div>\n\n\n\n<ul class=\"wp-block-social-links has-icon-color is-style-logos-only is-content-justification-center is-layout-flex wp-container-core-social-links-is-layout-a89b3969 wp-block-social-links-is-layout-flex\">\n\n\n\n<\/ul>\n<\/div>\n<\/div>\n","protected":false},"excerpt":{"rendered":"<p>Referaty w sesjach tematycznych \u2013 wytyczne Sesje tematyczne b\u0119d\u0105 mia\u0142y charakter sesji panelowych z dominacj\u0105 cz\u0119\u015bci dyskusyjnej. Ka\u017cdy z prelegent\u00f3w zobowi\u0105zany jest do przygotowania prezentacji, w kt\u00f3rej zawarte b\u0119d\u0105: afiliacja i tytu\u0142 wyst\u0105pienia, kluczowe wnioski oraz tezy do dyskusji (liczba slajd\u00f3w i szczeg\u00f3\u0142y prezentacji b\u0119d\u0105 ustalane z prowadz\u0105cymi poszczeg\u00f3lne sesje). Wyst\u0105pienie przewidziane jest na 5-10 [&hellip;]<\/p>\n","protected":false},"author":4,"featured_media":0,"parent":0,"menu_order":0,"comment_status":"closed","ping_status":"closed","template":"","meta":{"footnotes":""},"class_list":["post-101","page","type-page","status-publish","hentry"],"_links":{"self":[{"href":"https:\/\/polreg2025.kfiss.wgsr.uw.edu.pl\/index.php?rest_route=\/wp\/v2\/pages\/101","targetHints":{"allow":["GET"]}}],"collection":[{"href":"https:\/\/polreg2025.kfiss.wgsr.uw.edu.pl\/index.php?rest_route=\/wp\/v2\/pages"}],"about":[{"href":"https:\/\/polreg2025.kfiss.wgsr.uw.edu.pl\/index.php?rest_route=\/wp\/v2\/types\/page"}],"author":[{"embeddable":true,"href":"https:\/\/polreg2025.kfiss.wgsr.uw.edu.pl\/index.php?rest_route=\/wp\/v2\/users\/4"}],"replies":[{"embeddable":true,"href":"https:\/\/polreg2025.kfiss.wgsr.uw.edu.pl\/index.php?rest_route=%2Fwp%2Fv2%2Fcomments&post=101"}],"version-history":[{"count":26,"href":"https:\/\/polreg2025.kfiss.wgsr.uw.edu.pl\/index.php?rest_route=\/wp\/v2\/pages\/101\/revisions"}],"predecessor-version":[{"id":322,"href":"https:\/\/polreg2025.kfiss.wgsr.uw.edu.pl\/index.php?rest_route=\/wp\/v2\/pages\/101\/revisions\/322"}],"wp:attachment":[{"href":"https:\/\/polreg2025.kfiss.wgsr.uw.edu.pl\/index.php?rest_route=%2Fwp%2Fv2%2Fmedia&parent=101"}],"curies":[{"name":"wp","href":"https:\/\/api.w.org\/{rel}","templated":true}]}}